{"id":390,"date":"2018-05-16T08:32:24","date_gmt":"2018-05-16T08:32:24","guid":{"rendered":"https:\/\/livewp.site\/wp\/md\/oconnor\/?page_id=390"},"modified":"2021-01-18T00:01:29","modified_gmt":"2021-01-18T00:01:29","slug":"quienes-somos","status":"publish","type":"page","link":"https:\/\/maplegaltech.com\/index.php\/quienes-somos\/","title":{"rendered":"Con\u00f3cenos"},"content":{"rendered":"[vc_row][vc_column][gt3_custom_text text_color=\u00bb\u00bb font_size=\u00bb\u00bb line_height=\u00bb\u00bb]\n<h2 style=\"text-align: center;\">MAP Legal Tech<\/h2>\n[\/gt3_custom_text][vc_separator color=\u00bbcustom\u00bb border_width=\u00bb2&#8243; el_width=\u00bb85px\u00bb accent_color=\u00bb#ffffff\u00bb css=\u00bb.vc_custom_1610306577713{padding-top: 16px !important;padding-bottom: 22px !important;}\u00bb][gt3_custom_text text_color=\u00bb#e0e0e0&#8243; font_size=\u00bb18&#8243;]\n<p style=\"text-align: center;\"><span lang=\"ES\">Es una firma integrada por profesionales de primer nivel con m\u00e1s de 20 a\u00f1os de experiencia en gran variedad de transacciones en el mundo de los negocios, prestando un servicio personalizado de calidad a clientes nacionales e internacionales en el mercado espa\u00f1ol.<\/span><\/p>\n<p style=\"text-align: center;\"><span lang=\"ES\">Asesoramos a empresas de diversos sectores entre los que se incluyen industrial, energ\u00eda, tecnol\u00f3gico, servicios financieros, gran consumo o inmobiliario, as\u00ed como a grandes grupos familiares en sus asuntos personales y societarios.<\/span><\/p>\n<p style=\"text-align: center;\"><span lang=\"ES\">Ofrecemos a nuestros clientes un asesoramiento financiero, legal y fiscal en Espa\u00f1a o en extranjero, al tener una estrecha colaboraci\u00f3n con profesionales internacionales con los que trabajamos conjuntamente.<\/span><\/p>\n[\/gt3_custom_text][vc_row_inner][vc_column_inner width=\u00bb1\/3&#8243;][gt3_spacing height=\u00bb60px\u00bb][gt3_icon_box icon_type=\u00bbimage\u00bb thumbnail=\u00bb1203&#8243; icon_box_horizontal_position=\u00bbcenter\u00bb icon_position=\u00bbtop\u00bb new_tab=\u00bbno\u00bb icon_circle=\u00bbno\u00bb icon_size=\u00bbcustom\u00bb custom_icon_size=\u00bb55&#8243; title_tag=\u00bbh3&#8243; iconbox_title_size=\u00bb18&#8243; title_align_position=\u00bbcenter\u00bb iconbox_content_size=\u00bb18&#8243; content_align_position=\u00bbcenter\u00bb iconbox_button_align=\u00bbcenter\u00bb title_color=\u00bb#ffffff\u00bb text_color=\u00bb#ffffff\u00bb link_color=\u00bb#ffffff\u00bb link_hover_color=\u00bb#ffffff\u00bb text=\u00bbOfrecemos servicios personalizados, un trato cercano y centrado en el cliente.\u00bb heading=\u00bbCompromiso\u00bb backend_divider=\u00bb\u00bb][\/vc_column_inner][vc_column_inner width=\u00bb1\/3&#8243;][gt3_spacing height=\u00bb60px\u00bb][gt3_icon_box icon_type=\u00bbimage\u00bb thumbnail=\u00bb652&#8243; icon_box_horizontal_position=\u00bbcenter\u00bb icon_position=\u00bbtop\u00bb new_tab=\u00bbno\u00bb icon_circle=\u00bbno\u00bb icon_size=\u00bbcustom\u00bb custom_icon_size=\u00bb55&#8243; title_tag=\u00bbh3&#8243; iconbox_title_size=\u00bb18&#8243; title_align_position=\u00bbcenter\u00bb iconbox_content_size=\u00bb18&#8243; content_align_position=\u00bbcenter\u00bb iconbox_button_align=\u00bbcenter\u00bb title_color=\u00bb#ffffff\u00bb text_color=\u00bb#ffffff\u00bb link_color=\u00bb#ffffff\u00bb link_hover_color=\u00bb#ffffff\u00bb text=\u00bbTrabajamos con clientes nacionales e internacionales en operaciones multi-jurisdiccionales.\u00bb heading=\u00bbInternacionalidad\u00bb backend_divider=\u00bb\u00bb][\/vc_column_inner][vc_column_inner width=\u00bb1\/3&#8243;][gt3_spacing height=\u00bb60px\u00bb][gt3_icon_box icon_type=\u00bbimage\u00bb thumbnail=\u00bb1209&#8243; icon_box_horizontal_position=\u00bbcenter\u00bb icon_position=\u00bbtop\u00bb new_tab=\u00bbno\u00bb icon_circle=\u00bbno\u00bb icon_size=\u00bbcustom\u00bb custom_icon_size=\u00bb55&#8243; title_tag=\u00bbh3&#8243; iconbox_title_size=\u00bb18&#8243; title_align_position=\u00bbcenter\u00bb iconbox_content_size=\u00bb18&#8243; content_align_position=\u00bbcenter\u00bb iconbox_button_align=\u00bbcenter\u00bb title_color=\u00bb#ffffff\u00bb text_color=\u00bb#ffffff\u00bb link_color=\u00bb#ffffff\u00bb link_hover_color=\u00bb#ffffff\u00bb text=\u00bbExpertos en derecho mercantil, fiscal, laboral e inmobiliario.\u00bb heading=\u00bbProfesionalidad\u00bb backend_divider=\u00bb\u00bb][\/vc_column_inner][\/vc_row_inner][gt3_spacing height=\u00bb63px\u00bb][\/vc_column][\/vc_row][vc_row full_width=\u00bbstretch_row\u00bb css=\u00bb.vc_custom_1610927961933{background-color: #ffffff !important;background-position: center !important;background-repeat: no-repeat !important;background-size: cover !important;}\u00bb][vc_column width=\u00bb1\/2&#8243; css=\u00bb.vc_custom_1526470937128{padding-top: 0px !important;}\u00bb][gt3_spacing height=\u00bb40px\u00bb][gt3_custom_text separator=\u00bbyes\u00bb separator_color=\u00bbrgba(39,43,46,0.2)\u00bb text_color=\u00bb#103d65&#8243; font_size=\u00bb27&#8243;]\n<h2>\u00bfPor qu\u00e9 MAP Legal Tech?<\/h2>\n[\/gt3_custom_text][gt3_spacing height=\u00bb40px\u00bb][gt3_spacing height=\u00bb14px\u00bb][gt3_custom_text text_color=\u00bb#103d65&#8243; font_size=\u00bb18&#8243; line_height=\u00bb175&#8243;]Por la profesionalidad, el compromiso y el trato personalizado. Nos avala nuestra experiencia y las soluciones legales que aportamos a nuestros clientes nacionales e internacionales.[\/gt3_custom_text][gt3_spacing height=\u00bb32px\u00bb][\/vc_column][vc_column width=\u00bb1\/2&#8243;][gt3_image_box thumbnail=\u00bb1914&#8243; new_tab=\u00bbno\u00bb title_tag=\u00bbh2&#8243; imagebox_content_size=\u00bb10&#8243; title_color=\u00bb#ffffff\u00bb text_color=\u00bb#ffffff\u00bb link_color=\u00bb#23528c\u00bb link_hover_color=\u00bb#ffffff\u00bb image_position=\u00bbtop\u00bb][gt3_spacing height=\u00bb32px\u00bb][\/vc_column][\/vc_row]\n","protected":false},"excerpt":{"rendered":"<p>[vc_row][vc_column][gt3_custom_text text_color=\u00bb\u00bb font_size=\u00bb\u00bb line_height=\u00bb\u00bb] MAP Legal Tech [\/gt3_custom_text][vc_separator color=\u00bbcustom\u00bb border_width=\u00bb2&#8243; el_width=\u00bb85px\u00bb accent_color=\u00bb#ffffff\u00bb css=\u00bb.vc_custom_1610306577713{padding-top: 16px !important;padding-bottom: 22px !important;}\u00bb][gt3_custom_text text_color=\u00bb#e0e0e0&#8243; font_size=\u00bb18&#8243;] Es una firma integrada por profesionales de primer nivel con m\u00e1s de 20 a\u00f1os de experiencia en gran variedad de transacciones en el mundo de los negocios, prestando un servicio personalizado de calidad a clientes nacionales [&hellip;]<\/p>\n","protected":false},"author":4,"featured_media":0,"parent":0,"menu_order":0,"comment_status":"closed","ping_status":"closed","template":"full-width.php","meta":[],"_links":{"self":[{"href":"https:\/\/maplegaltech.com\/index.php\/wp-json\/wp\/v2\/pages\/390"}],"collection":[{"href":"https:\/\/maplegaltech.com\/index.php\/wp-json\/wp\/v2\/pages"}],"about":[{"href":"https:\/\/maplegaltech.com\/index.php\/wp-json\/wp\/v2\/types\/page"}],"author":[{"embeddable":true,"href":"https:\/\/maplegaltech.com\/index.php\/wp-json\/wp\/v2\/users\/4"}],"replies":[{"embeddable":true,"href":"https:\/\/maplegaltech.com\/index.php\/wp-json\/wp\/v2\/comments?post=390"}],"version-history":[{"count":21,"href":"https:\/\/maplegaltech.com\/index.php\/wp-json\/wp\/v2\/pages\/390\/revisions"}],"predecessor-version":[{"id":1916,"href":"https:\/\/maplegaltech.com\/index.php\/wp-json\/wp\/v2\/pages\/390\/revisions\/1916"}],"wp:attachment":[{"href":"https:\/\/maplegaltech.com\/index.php\/wp-json\/wp\/v2\/media?parent=390"}],"curies":[{"name":"wp","href":"https:\/\/api.w.org\/{rel}","templated":true}]}}