{"id":53,"date":"2018-05-03T08:20:03","date_gmt":"2018-05-03T08:20:03","guid":{"rendered":"https:\/\/livewp.site\/wp\/md\/oconnor\/?page_id=53"},"modified":"2021-01-20T12:08:18","modified_gmt":"2021-01-20T12:08:18","slug":"homepage","status":"publish","type":"page","link":"https:\/\/maplegaltech.com\/","title":{"rendered":"Homepage"},"content":{"rendered":"[vc_row full_width=\u00bbstretch_row_content_no_spaces\u00bb css=\u00bb.vc_custom_1610294350457{margin-top: -40px !important;background-color: #ffffff !important;}\u00bb][vc_column css=\u00bb.vc_custom_1528190065510{padding-top: 0px !important;}\u00bb][rev_slider_vc alias=\u00bbslider1&#8243;][\/vc_column][\/vc_row][vc_row css=\u00bb.vc_custom_1610294184189{background-color: #103d65 !important;}\u00bb][vc_column css=\u00bb.vc_custom_1610288415742{background-color: #103d65 !important;}\u00bb][vc_row_inner gap=\u00bb30&#8243;][vc_column_inner width=\u00bb1\/3&#8243;][gt3_custom_text separator=\u00bbyes\u00bb separator_color=\u00bbrgba(39,43,46,0.2)\u00bb text_color=\u00bb#272b2e\u00bb font_size=\u00bb32&#8243; css=\u00bb.vc_custom_1610288560212{border-right-width: 2px !important;border-right-color: #e9eded !important;border-right-style: solid !important;}\u00bb]\n<h2><span style=\"color: #ffffff;\">Sobre nosotros&#8230;<\/span><\/h2>\n[\/gt3_custom_text][\/vc_column_inner][vc_column_inner width=\u00bb1\/3&#8243;][gt3_custom_text text_color=\u00bb#ffffff\u00bb font_size=\u00bb18&#8243;]<span class=\"gt3_dropcaps\" style=\"font-size: 3em; line-height: 0.97; color: #ffffff;\">M<\/span>ap legal tech es una firma integrada por profesionales de primer nivel con m\u00e1s de 20 a\u00f1os de experiencia en gran variedad de transacciones en el mundo de los negocios, prestando un servicio personalizado de calidad a clientes nacionales e internacionales en el mercado espa\u00f1ol.[\/gt3_custom_text][\/vc_column_inner][vc_column_inner width=\u00bb1\/3&#8243;][gt3_custom_text text_color=\u00bb#ffffff\u00bb font_size=\u00bb18&#8243;]<span lang=\"ES\" style=\"color: #ffffff;\">Asesoramos a empresas de diversos sectores entre los que se incluyen industrial, energ\u00eda, tecnol\u00f3gico, servicios financieros, gran consumo o inmobiliario, as\u00ed como a grandes grupos familiares en sus asuntos personales y societarios.<\/span>[\/gt3_custom_text][\/vc_column_inner][\/vc_row_inner][gt3_spacing height=\u00bb85px\u00bb][\/vc_column][\/vc_row][vc_row full_width=\u00bbstretch_row\u00bb css=\u00bb.vc_custom_1610294195993{padding-top: 40px !important;padding-bottom: 60px !important;background-color: #ffffff !important;}\u00bb][vc_column width=\u00bb1\/3&#8243; css=\u00bb.vc_custom_1610290333181{padding-top: 0px !important;padding-right: 10% !important;background-color: #ffffff !important;}\u00bb][gt3_spacing height=\u00bb35px\u00bb][gt3_custom_text separator=\u00bbyes\u00bb separator_color=\u00bbrgba(249,249,250,0.2)\u00bb text_color=\u00bb#103d65&#8243; font_size=\u00bb27&#8243;]\n<h2>\u00c1reas de Pr\u00e1ctica<\/h2>\n[\/gt3_custom_text][gt3_spacing height=\u00bb15px\u00bb][gt3_custom_text text_color=\u00bb#103d65&#8243; font_size=\u00bb20&#8243; item_el_class=\u00bbmax_width-280&#8243;]Estamos especializados en las siguientes \u00e1reas de pr\u00e1ctica:[\/gt3_custom_text][\/vc_column][vc_column width=\u00bb1\/3&#8243; css=\u00bb.vc_custom_1610293842380{padding-top: 0px !important;background-color: #ffffff !important;}\u00bb][gt3_spacing height=\u00bb39px\u00bb][vc_separator color=\u00bbcustom\u00bb accent_color=\u00bb#103d65&#8243;][gt3_button button_title=\u00bbCorporate\u00bb btn_border_style=\u00bbnone\u00bb btn_icon_fontawesome=\u00bbtheme_icon-arrows-right\u00bb use_theme_fonts_button=\u00bbno\u00bb google_fonts_button=\u00bbfont_family:Prata%3Aregular|font_style:400%20regular%3A400%3Anormal\u00bb btn_font_size=\u00bb18&#8243; use_theme_button=\u00bbno\u00bb btn_bg_color=\u00bb\u00bb btn_bg_color_hover=\u00bb\u00bb btn_text_color=\u00bb#103d65&#8243; btn_text_color_hover=\u00bb#89d2f6&#8243; btn_icon_color=\u00bb#103d65&#8243; btn_icon_color_hover=\u00bb#89d2f6&#8243; btn_border_color=\u00bb#80858b\u00bb btn_border_color_hover=\u00bb#80858b\u00bb btn_icon_type=\u00bbfont\u00bb link=\u00bburl:https%3A%2F%2Fmaplegaltech.com%2Findex.php%2Fpractice%2Fmercantil%2F|title:Pr%C3%A1cticas\u00bb css=\u00bb.vc_custom_1611141701035{margin-top: 10px !important;margin-bottom: 10px !important;padding-right: 0px !important;padding-left: 0px !important;}\u00bb][vc_separator color=\u00bbcustom\u00bb accent_color=\u00bb#103d65&#8243;][gt3_button button_title=\u00bbLaboral\u00bb btn_border_style=\u00bbnone\u00bb btn_icon_fontawesome=\u00bbtheme_icon-arrows-right\u00bb use_theme_fonts_button=\u00bbno\u00bb google_fonts_button=\u00bbfont_family:Prata%3Aregular|font_style:400%20regular%3A400%3Anormal\u00bb btn_font_size=\u00bb18&#8243; use_theme_button=\u00bbno\u00bb btn_bg_color=\u00bb\u00bb btn_bg_color_hover=\u00bb\u00bb btn_text_color=\u00bb#103d65&#8243; btn_text_color_hover=\u00bb#89d2f6&#8243; btn_icon_color=\u00bb#103d65&#8243; btn_icon_color_hover=\u00bb#89d2f6&#8243; btn_border_color=\u00bb#c2b697&#8243; btn_border_color_hover=\u00bb#e8e8e8&#8243; btn_icon_type=\u00bbfont\u00bb link=\u00bburl:https%3A%2F%2Fmaplegaltech.com%2Findex.php%2Fpractice%2Flaboral%2F|title:Pr%C3%A1cticas\u00bb css=\u00bb.vc_custom_1610961368582{margin-top: 10px !important;margin-bottom: 10px !important;padding-left: 0px !important;}\u00bb][vc_separator color=\u00bbcustom\u00bb accent_color=\u00bb#103d65&#8243;][gt3_button button_title=\u00bbFinanciero\u00bb btn_border_style=\u00bbnone\u00bb btn_icon_fontawesome=\u00bbtheme_icon-arrows-right\u00bb use_theme_fonts_button=\u00bbno\u00bb google_fonts_button=\u00bbfont_family:Prata%3Aregular|font_style:400%20regular%3A400%3Anormal\u00bb btn_font_size=\u00bb18&#8243; use_theme_button=\u00bbno\u00bb btn_bg_color=\u00bb\u00bb btn_bg_color_hover=\u00bb\u00bb btn_text_color=\u00bb#103d65&#8243; btn_text_color_hover=\u00bb#89d2f6&#8243; btn_icon_color=\u00bb#103d65&#8243; btn_icon_color_hover=\u00bb#89d2f6&#8243; btn_border_color=\u00bb#c2b697&#8243; btn_border_color_hover=\u00bb#e8e8e8&#8243; btn_icon_type=\u00bbfont\u00bb link=\u00bburl:https%3A%2F%2Fmaplegaltech.com%2Findex.php%2Fpractice%2Ffinanciero%2F|title:Pr%C3%A1cticas\u00bb css=\u00bb.vc_custom_1611142035050{margin-top: 10px !important;margin-bottom: 10px !important;padding-left: 0px !important;}\u00bb][vc_separator color=\u00bbcustom\u00bb accent_color=\u00bb#103d65&#8243; css=\u00bb.vc_custom_1610294036318{background-color: #ffffff !important;}\u00bb][\/vc_column][vc_column width=\u00bb1\/3&#8243; css=\u00bb.vc_custom_1610293851448{padding-top: 0px !important;background-color: #ffffff !important;}\u00bb][gt3_spacing height=\u00bb39px\u00bb responsive_es=\u00bbyes\u00bb height_mobile=\u00bb0&#8243;][vc_separator color=\u00bbcustom\u00bb accent_color=\u00bb#103d65&#8243;][gt3_button button_title=\u00bbFiscal\u00bb btn_border_style=\u00bbnone\u00bb btn_icon_fontawesome=\u00bbtheme_icon-arrows-right\u00bb use_theme_fonts_button=\u00bbno\u00bb google_fonts_button=\u00bbfont_family:Prata%3Aregular|font_style:400%20regular%3A400%3Anormal\u00bb btn_font_size=\u00bb18&#8243; use_theme_button=\u00bbno\u00bb btn_bg_color=\u00bb\u00bb btn_bg_color_hover=\u00bb\u00bb btn_text_color=\u00bb#103d65&#8243; btn_text_color_hover=\u00bb#89d2f6&#8243; btn_icon_color=\u00bb#103d65&#8243; btn_icon_color_hover=\u00bb#89d2f6&#8243; btn_border_color=\u00bb#80858b\u00bb btn_border_color_hover=\u00bb#80858b\u00bb btn_icon_type=\u00bbfont\u00bb link=\u00bburl:https%3A%2F%2Fmaplegaltech.com%2Findex.php%2Fpractice%2Ffiscal%2F|title:Pr%C3%A1cticas\u00bb css=\u00bb.vc_custom_1610961384670{margin-top: 10px !important;margin-bottom: 10px !important;padding-right: 0px !important;padding-left: 0px !important;}\u00bb][vc_separator color=\u00bbcustom\u00bb accent_color=\u00bb#103d65&#8243;][gt3_button button_title=\u00bbInmobiliario\u00bb btn_border_style=\u00bbnone\u00bb btn_icon_fontawesome=\u00bbtheme_icon-arrows-right\u00bb use_theme_fonts_button=\u00bbno\u00bb google_fonts_button=\u00bbfont_family:Prata%3Aregular|font_style:400%20regular%3A400%3Anormal\u00bb btn_font_size=\u00bb18&#8243; use_theme_button=\u00bbno\u00bb btn_bg_color=\u00bb\u00bb btn_bg_color_hover=\u00bb\u00bb btn_text_color=\u00bb#103d65&#8243; btn_text_color_hover=\u00bb#89d2f6&#8243; btn_icon_color=\u00bb#103d65&#8243; btn_icon_color_hover=\u00bb#89d2f6&#8243; btn_border_color=\u00bb#80858b\u00bb btn_border_color_hover=\u00bb#80858b\u00bb btn_icon_type=\u00bbfont\u00bb link=\u00bburl:https%3A%2F%2Fmaplegaltech.com%2Findex.php%2Fpractice%2Finmobiliario%2F|title:Pr%C3%A1cticas\u00bb css=\u00bb.vc_custom_1610961404780{margin-top: 10px !important;margin-bottom: 10px !important;padding-right: 0px !important;padding-left: 0px !important;}\u00bb][vc_separator color=\u00bbcustom\u00bb accent_color=\u00bb#103d65&#8243;][\/vc_column][\/vc_row][vc_row full_width=\u00bbstretch_row_content\u00bb][vc_column hide_border=\u00bbyes\u00bb css=\u00bb.vc_custom_1528441862774{border-right-width: 1px !important;padding-top: 0px !important;padding-right: 0px !important;padding-left: 0px !important;border-right-color: #e9eded !important;border-right-style: solid !important;}\u00bb offset=\u00bbvc_col-md-4&#8243; hide_border_right=\u00bbmobile\u00bb][gt3_link_layer height=\u00bb\u00bb link_custom_style=\u00bbyes\u00bb link_bg_color=\u00bb#f8f8f8&#8243; link_bg_color_hover=\u00bb#f4f4f4&#8243; link_border_color=\u00bb\u00bb link_border_color_hover=\u00bb\u00bb custom_animation=\u00bbyes\u00bb link=\u00bburl:%23|||\u00bb][vc_row_inner][vc_column_inner width=\u00bb1\/6&#8243;][\/vc_column_inner][vc_column_inner width=\u00bb2\/3&#8243;][gt3_spacing height=\u00bb40px\u00bb][gt3_icon_box icon_type=\u00bbimage\u00bb thumbnail=\u00bb133&#8243; icon_box_horizontal_position=\u00bbleft\u00bb icon_position=\u00bbleft\u00bb icon_vertical_position=\u00bbcenter\u00bb new_tab=\u00bbno\u00bb icon_circle=\u00bbno\u00bb icon_size=\u00bbcustom\u00bb custom_icon_size=\u00bb110&#8243; title_tag=\u00bbh2&#8243; use_theme_fonts_iconbox_content=\u00bbno\u00bb google_fonts_iconbox_content=\u00bbfont_family:Montserrat%3Aregular%2C700&#8243; iconbox_button_align=\u00bbleft\u00bb title_color=\u00bb#103d65&#8243; text_color=\u00bb#103d65&#8243; link_color=\u00bb#80858b\u00bb link_hover_color=\u00bb#89d2f6&#8243; element_gap=\u00bb17&#8243; text=\u00bbPROFESIONALES DE PRESTIGIO EN LAS DISTINTAS PR\u00c1CTICAS\u00bb][gt3_spacing height=\u00bb45px\u00bb responsive_es=\u00bbyes\u00bb height_tablet=\u00bb20&#8243; height_mobile=\u00bb20&#8243;][\/vc_column_inner][vc_column_inner width=\u00bb1\/6&#8243;][\/vc_column_inner][\/vc_row_inner][\/gt3_link_layer][\/vc_column][vc_column hide_border=\u00bbyes\u00bb css=\u00bb.vc_custom_1528441989279{border-right-width: 1px !important;padding-top: 0px !important;padding-right: 0px !important;padding-left: 0px !important;border-right-color: #e9eded !important;border-right-style: solid !important;}\u00bb offset=\u00bbvc_col-md-4&#8243; hide_border_right=\u00bbmobile\u00bb][gt3_link_layer height=\u00bb\u00bb link_custom_style=\u00bbyes\u00bb link_bg_color=\u00bb#f8f8f8&#8243; link_bg_color_hover=\u00bb#f4f4f4&#8243; link_border_color=\u00bb\u00bb link_border_color_hover=\u00bb\u00bb custom_animation=\u00bbyes\u00bb link=\u00bburl:%23|||\u00bb][vc_row_inner][vc_column_inner width=\u00bb1\/6&#8243;][\/vc_column_inner][vc_column_inner width=\u00bb2\/3&#8243;][gt3_spacing height=\u00bb40px\u00bb responsive_es=\u00bbyes\u00bb height_tablet=\u00bb20&#8243; height_mobile=\u00bb20&#8243;][gt3_icon_box icon_type=\u00bbimage\u00bb thumbnail=\u00bb134&#8243; icon_box_horizontal_position=\u00bbleft\u00bb icon_position=\u00bbleft\u00bb icon_vertical_position=\u00bbcenter\u00bb new_tab=\u00bbno\u00bb icon_circle=\u00bbno\u00bb icon_size=\u00bbcustom\u00bb custom_icon_size=\u00bb110&#8243; title_tag=\u00bbh2&#8243; use_theme_fonts_iconbox_content=\u00bbno\u00bb google_fonts_iconbox_content=\u00bbfont_family:Montserrat%3Aregular%2C700&#8243; iconbox_button_align=\u00bbleft\u00bb title_color=\u00bb#103d65&#8243; text_color=\u00bb#103d65&#8243; link_color=\u00bb#103d65&#8243; link_hover_color=\u00bb#89d2f6&#8243; element_gap=\u00bb17&#8243; text=\u00bbCONFIANZA Y TRATO PERSONALIZADO\u00bb][gt3_spacing height=\u00bb45px\u00bb responsive_es=\u00bbyes\u00bb height_tablet=\u00bb20&#8243; height_mobile=\u00bb20&#8243;][\/vc_column_inner][vc_column_inner width=\u00bb1\/6&#8243;][\/vc_column_inner][\/vc_row_inner][\/gt3_link_layer][\/vc_column][vc_column css=\u00bb.vc_custom_1528441995265{padding-top: 0px !important;padding-right: 0px !important;padding-left: 0px !important;}\u00bb offset=\u00bbvc_col-md-4&#8243;][gt3_link_layer height=\u00bb\u00bb link_custom_style=\u00bbyes\u00bb link_bg_color=\u00bb#f8f8f8&#8243; link_bg_color_hover=\u00bb#f4f4f4&#8243; link_border_color=\u00bb\u00bb link_border_color_hover=\u00bb\u00bb custom_animation=\u00bbyes\u00bb link=\u00bburl:%23|||\u00bb][vc_row_inner][vc_column_inner width=\u00bb1\/6&#8243;][\/vc_column_inner][vc_column_inner width=\u00bb2\/3&#8243;][gt3_spacing height=\u00bb40px\u00bb responsive_es=\u00bbyes\u00bb height_tablet=\u00bb20&#8243; height_mobile=\u00bb20&#8243;][gt3_icon_box icon_type=\u00bbimage\u00bb thumbnail=\u00bb141&#8243; icon_box_horizontal_position=\u00bbleft\u00bb icon_position=\u00bbleft\u00bb icon_vertical_position=\u00bbcenter\u00bb new_tab=\u00bbno\u00bb icon_circle=\u00bbno\u00bb icon_size=\u00bbcustom\u00bb custom_icon_size=\u00bb110&#8243; title_tag=\u00bbh2&#8243; use_theme_fonts_iconbox_content=\u00bbno\u00bb google_fonts_iconbox_content=\u00bbfont_family:Montserrat%3Aregular%2C700&#8243; iconbox_button_align=\u00bbleft\u00bb title_color=\u00bb#103d65&#8243; text_color=\u00bb#103d65&#8243; link_color=\u00bb#103d65&#8243; link_hover_color=\u00bb#89d2f6&#8243; element_gap=\u00bb17&#8243; text=\u00bbEXPERIENCIA INTERNACIONAL Y ENFOQUE GLOBAL\u00bb][gt3_spacing height=\u00bb45px\u00bb][\/vc_column_inner][vc_column_inner width=\u00bb1\/6&#8243;][\/vc_column_inner][\/vc_row_inner][\/gt3_link_layer][\/vc_column][\/vc_row]\n","protected":false},"excerpt":{"rendered":"<p>[vc_row full_width=\u00bbstretch_row_content_no_spaces\u00bb css=\u00bb.vc_custom_1610294350457{margin-top: -40px !important;background-color: #ffffff !important;}\u00bb][vc_column css=\u00bb.vc_custom_1528190065510{padding-top: 0px !important;}\u00bb][rev_slider_vc alias=\u00bbslider1&#8243;][\/vc_column][\/vc_row][vc_row css=\u00bb.vc_custom_1610294184189{background-color: #103d65 !important;}\u00bb][vc_column css=\u00bb.vc_custom_1610288415742{background-color: #103d65 !important;}\u00bb][vc_row_inner gap=\u00bb30&#8243;][vc_column_inner width=\u00bb1\/3&#8243;][gt3_custom_text separator=\u00bbyes\u00bb separator_color=\u00bbrgba(39,43,46,0.2)\u00bb text_color=\u00bb#272b2e\u00bb font_size=\u00bb32&#8243; css=\u00bb.vc_custom_1610288560212{border-right-width: 2px !important;border-right-color: #e9eded !important;border-right-style: solid !important;}\u00bb] Sobre nosotros&#8230; [\/gt3_custom_text][\/vc_column_inner][vc_column_inner width=\u00bb1\/3&#8243;][gt3_custom_text text_color=\u00bb#ffffff\u00bb font_size=\u00bb18&#8243;]Map legal tech es una firma integrada por profesionales de primer nivel con m\u00e1s de 20 a\u00f1os de experiencia en [&hellip;]<\/p>\n","protected":false},"author":4,"featured_media":0,"parent":0,"menu_order":0,"comment_status":"closed","ping_status":"closed","template":"full-width.php","meta":[],"_links":{"self":[{"href":"https:\/\/maplegaltech.com\/index.php\/wp-json\/wp\/v2\/pages\/53"}],"collection":[{"href":"https:\/\/maplegaltech.com\/index.php\/wp-json\/wp\/v2\/pages"}],"about":[{"href":"https:\/\/maplegaltech.com\/index.php\/wp-json\/wp\/v2\/types\/page"}],"author":[{"embeddable":true,"href":"https:\/\/maplegaltech.com\/index.php\/wp-json\/wp\/v2\/users\/4"}],"replies":[{"embeddable":true,"href":"https:\/\/maplegaltech.com\/index.php\/wp-json\/wp\/v2\/comments?post=53"}],"version-history":[{"count":66,"href":"https:\/\/maplegaltech.com\/index.php\/wp-json\/wp\/v2\/pages\/53\/revisions"}],"predecessor-version":[{"id":1940,"href":"https:\/\/maplegaltech.com\/index.php\/wp-json\/wp\/v2\/pages\/53\/revisions\/1940"}],"wp:attachment":[{"href":"https:\/\/maplegaltech.com\/index.php\/wp-json\/wp\/v2\/media?parent=53"}],"curies":[{"name":"wp","href":"https:\/\/api.w.org\/{rel}","templated":true}]}}