{"id":623,"date":"2018-05-31T07:31:49","date_gmt":"2018-05-31T07:31:49","guid":{"rendered":"https:\/\/livewp.site\/wp\/md\/oconnor\/?page_id=623"},"modified":"2021-05-17T16:36:50","modified_gmt":"2021-05-17T16:36:50","slug":"contacts-2","status":"publish","type":"page","link":"https:\/\/maplegaltech.com\/index.php\/contacts-2\/","title":{"rendered":"Contacto"},"content":{"rendered":"[vc_row][vc_column width=\u00bb1\/2&#8243;][gt3_spacing height=\u00bb50px\u00bb][gt3_custom_text separator=\u00bbyes\u00bb separator_color=\u00bbrgba(39,43,46,0.2)\u00bb text_color=\u00bb#ffffff\u00bb font_size=\u00bb32&#8243;]\n<h2><span>Contacta con nosotros<\/span><\/h2>\n[\/gt3_custom_text][gt3_spacing height=\u00bb15px\u00bb][gt3_custom_text text_color=\u00bb#ffffff\u00bb font_size=\u00bb18&#8243;]<span>Para solicitar cualquier informaci\u00f3n adicional, enviar un email, llamar o rellenar el formulario.<\/span>[\/gt3_custom_text][gt3_spacing height=\u00bb32px\u00bb][gt3_custom_text text_color=\u00bb#ffffff\u00bb font_size=\u00bb22&#8243;]\n<h4><span>Direcci\u00f3n<\/span><\/h4>\n[\/gt3_custom_text][gt3_custom_text text_color=\u00bb#f2f2f2&#8243; font_size=\u00bb18&#8243;]\n<p style=\"font-weight: 400;\">C\/ Santiago Bernab\u00e9u n\u00ba 9<\/p>\n<p style=\"font-weight: 400;\">28036 Madrid, Espa\u00f1a.<\/p>\n[\/gt3_custom_text][gt3_spacing height=\u00bb32px\u00bb][gt3_custom_text text_color=\u00bb#ffffff\u00bb font_size=\u00bb22&#8243;]\n<h4>E-mail<\/h4>\n[\/gt3_custom_text][gt3_custom_text text_color=\u00bb#f7f7f7&#8243; font_size=\u00bb18&#8243;]<a href=\"mailto:info@maplegaltech.com\" target=\"_blank\" rel=\"noopener noreferrer\">info@maplegaltech.com<\/a>[\/gt3_custom_text][gt3_spacing height=\u00bb32px\u00bb][gt3_custom_text text_color=\u00bb#ffffff\u00bb font_size=\u00bb22&#8243;]\n<h4>Tel\u00e9fono de contacto<\/h4>\n[\/gt3_custom_text][gt3_custom_text text_color=\u00bb#ffffff\u00bb font_size=\u00bb18&#8243;]<a href=\"tel:+34 670 912 489\">+34 <span>670 912 489<\/span><\/a>[\/gt3_custom_text][gt3_spacing height=\u00bb25px\u00bb][\/vc_column][vc_column width=\u00bb1\/2&#8243;][gt3_spacing height=\u00bb60px\u00bb]<div class=\"wpforms-container wpforms-container-full\" id=\"wpforms-1963\"><form id=\"wpforms-form-1963\" class=\"wpforms-validate wpforms-form\" data-formid=\"1963\" method=\"post\" enctype=\"multipart\/form-data\" action=\"\/index.php\/wp-json\/wp\/v2\/pages\/623\" data-token=\"148bd625e7d0e0d6e89917413b95a524\"><noscript class=\"wpforms-error-noscript\">Por favor, activa JavaScript en tu navegador para completar este formulario.<\/noscript><div class=\"wpforms-field-container\"><div id=\"wpforms-1963-field_0-container\" class=\"wpforms-field wpforms-field-name\" data-field-id=\"0\"><label class=\"wpforms-field-label\" for=\"wpforms-1963-field_0\">Nombre <span class=\"wpforms-required-label\">*<\/span><\/label><input type=\"text\" id=\"wpforms-1963-field_0\" class=\"wpforms-field-medium wpforms-field-required\" name=\"wpforms[fields][0]\" required><\/div><div id=\"wpforms-1963-field_1-container\" class=\"wpforms-field wpforms-field-email\" data-field-id=\"1\"><label class=\"wpforms-field-label\" for=\"wpforms-1963-field_1\">Correo electr\u00f3nico <span class=\"wpforms-required-label\">*<\/span><\/label><input type=\"email\" id=\"wpforms-1963-field_1\" class=\"wpforms-field-medium wpforms-field-required\" name=\"wpforms[fields][1]\" required><\/div><div id=\"wpforms-1963-field_2-container\" class=\"wpforms-field wpforms-field-textarea\" data-field-id=\"2\"><label class=\"wpforms-field-label\" for=\"wpforms-1963-field_2\">Mensaje <span class=\"wpforms-required-label\">*<\/span><\/label><textarea id=\"wpforms-1963-field_2\" class=\"wpforms-field-medium wpforms-field-required\" name=\"wpforms[fields][2]\" required><\/textarea><\/div><div id=\"wpforms-1963-field_3-container\" class=\"wpforms-field wpforms-field-checkbox\" data-field-id=\"3\"><label class=\"wpforms-field-label wpforms-label-hide\" for=\"wpforms-1963-field_3\">Casillas de verificaci\u00f3n <span class=\"wpforms-required-label\">*<\/span><\/label><ul id=\"wpforms-1963-field_3\" class=\"wpforms-field-required\"><li class=\"choice-1 depth-1\"><input type=\"checkbox\" id=\"wpforms-1963-field_3_1\" name=\"wpforms[fields][3][]\" value=\"Acepto Pol\u00edtica de Protecci\u00f3n de Datos\" required ><label class=\"wpforms-field-label-inline\" for=\"wpforms-1963-field_3_1\">Acepto Pol\u00edtica de Protecci\u00f3n de Datos <span class=\"wpforms-required-label\">*<\/span><\/label><\/li><\/ul><div class=\"wpforms-field-description wpforms-disclaimer-description\">En cumplimiento de lo dispuesto en el Reglamento UE 2016\/679 de Protecci\u00f3n de Datos y dem\u00e1s normativa vigente en materia de Protecci\u00f3n de Datos de Car\u00e1cter Personal le informamos de que sus datos ser\u00e1n tratados por MAP LEGAL TECH, S.L.(CIF B88613385 Direcci\u00f3n: C\/ Santiago Bernabeu n\u00ba 9, 28036 Madrid)con la finalidad de atender su petici\u00f3n. La base jur\u00eddica para el tratamiento de los datos es el consentimiento que presta al rellenar este formulario. Los datos se conservar\u00e1n mientras no se solicite su supresi\u00f3n. No se prev\u00e9n cesiones ni transferencias internacionales de los mismos.<br \/>\r\n<br \/>\r\nPodr\u00e1 ejercitar sus derechos de acceso, rectificaci\u00f3n, supresi\u00f3n, portabilidad y la limitaci\u00f3n u oposici\u00f3n mediante el env\u00edo de un correo electr\u00f3nico a la siguiente direcci\u00f3n: privacidad@maplegaltech.com.  Asimismo, podr\u00e1 en cualquier momento retirar el consentimiento prestado dirigi\u00e9ndose a la direcci\u00f3n arriba indicada, as\u00ed como reclamar tiene derecho a reclamar ante la Autoridad de Control (Agencia Espa\u00f1ola de Protecci\u00f3n de Datos:  www.aepd.es)<\/div><\/div><\/div><div class=\"wpforms-submit-container\"><input type=\"hidden\" name=\"wpforms[id]\" value=\"1963\"><input type=\"hidden\" name=\"wpforms[author]\" value=\"4\"><button type=\"submit\" name=\"wpforms[submit]\" id=\"wpforms-submit-1963\" class=\"wpforms-submit\" data-alt-text=\"Enviando...\" data-submit-text=\"Enviar\" aria-live=\"assertive\" value=\"wpforms-submit\">Enviar<\/button><\/div><\/form><\/div>  <!-- .wpforms-container -->[\/vc_column][\/vc_row]\n","protected":false},"excerpt":{"rendered":"<p>[vc_row][vc_column width=\u00bb1\/2&#8243;][gt3_spacing height=\u00bb50px\u00bb][gt3_custom_text separator=\u00bbyes\u00bb separator_color=\u00bbrgba(39,43,46,0.2)\u00bb text_color=\u00bb#ffffff\u00bb font_size=\u00bb32&#8243;] Contacta con nosotros [\/gt3_custom_text][gt3_spacing height=\u00bb15px\u00bb][gt3_custom_text text_color=\u00bb#ffffff\u00bb font_size=\u00bb18&#8243;]Para solicitar cualquier informaci\u00f3n adicional, enviar un email, llamar o rellenar el formulario.[\/gt3_custom_text][gt3_spacing height=\u00bb32px\u00bb][gt3_custom_text text_color=\u00bb#ffffff\u00bb font_size=\u00bb22&#8243;] Direcci\u00f3n [\/gt3_custom_text][gt3_custom_text text_color=\u00bb#f2f2f2&#8243; font_size=\u00bb18&#8243;] C\/ Santiago Bernab\u00e9u n\u00ba 9 28036 Madrid, Espa\u00f1a. [\/gt3_custom_text][gt3_spacing height=\u00bb32px\u00bb][gt3_custom_text text_color=\u00bb#ffffff\u00bb font_size=\u00bb22&#8243;] E-mail [\/gt3_custom_text][gt3_custom_text text_color=\u00bb#f7f7f7&#8243; font_size=\u00bb18&#8243;]info@maplegaltech.com[\/gt3_custom_text][gt3_spacing height=\u00bb32px\u00bb][gt3_custom_text text_color=\u00bb#ffffff\u00bb font_size=\u00bb22&#8243;] Tel\u00e9fono de contacto [&hellip;]<\/p>\n","protected":false},"author":4,"featured_media":0,"parent":0,"menu_order":0,"comment_status":"closed","ping_status":"closed","template":"","meta":[],"_links":{"self":[{"href":"https:\/\/maplegaltech.com\/index.php\/wp-json\/wp\/v2\/pages\/623"}],"collection":[{"href":"https:\/\/maplegaltech.com\/index.php\/wp-json\/wp\/v2\/pages"}],"about":[{"href":"https:\/\/maplegaltech.com\/index.php\/wp-json\/wp\/v2\/types\/page"}],"author":[{"embeddable":true,"href":"https:\/\/maplegaltech.com\/index.php\/wp-json\/wp\/v2\/users\/4"}],"replies":[{"embeddable":true,"href":"https:\/\/maplegaltech.com\/index.php\/wp-json\/wp\/v2\/comments?post=623"}],"version-history":[{"count":13,"href":"https:\/\/maplegaltech.com\/index.php\/wp-json\/wp\/v2\/pages\/623\/revisions"}],"predecessor-version":[{"id":1968,"href":"https:\/\/maplegaltech.com\/index.php\/wp-json\/wp\/v2\/pages\/623\/revisions\/1968"}],"wp:attachment":[{"href":"https:\/\/maplegaltech.com\/index.php\/wp-json\/wp\/v2\/media?parent=623"}],"curies":[{"name":"wp","href":"https:\/\/api.w.org\/{rel}","templated":true}]}}